{"id":16911,"date":"2022-10-23T09:37:05","date_gmt":"2022-10-23T07:37:05","guid":{"rendered":"https:\/\/www.petrasrezek.cz\/articles\/"},"modified":"2025-11-12T10:03:23","modified_gmt":"2025-11-12T09:03:23","slug":"articles","status":"publish","type":"page","link":"https:\/\/www.petrasrezek.cz\/en\/articles\/","title":{"rendered":"ARTICLES"},"content":{"rendered":"\t\t<div data-elementor-type=\"wp-page\" data-elementor-id=\"16911\" class=\"elementor elementor-16911 elementor-1319\">\n\t\t\t\t\t\t\t\t\t<section class=\"elementor-section elementor-top-section elementor-element elementor-element-8c786fa elementor-section-boxed elementor-section-height-default elementor-section-height-default\" data-id=\"8c786fa\" data-element_type=\"section\">\n\t\t\t\t\t\t<div class=\"elementor-container elementor-column-gap-default\">\n\t\t\t\t\t<div class=\"elementor-column elementor-col-100 elementor-top-column elementor-element elementor-element-6bd7207\" data-id=\"6bd7207\" data-element_type=\"column\">\n\t\t\t<div class=\"elementor-widget-wrap elementor-element-populated\">\n\t\t\t\t\t\t\t\t<div class=\"elementor-element elementor-element-15dd63e elementor-widget elementor-widget-spacer\" data-id=\"15dd63e\" data-element_type=\"widget\" data-widget_type=\"spacer.default\">\n\t\t\t\t<div class=\"elementor-widget-container\">\n\t\t\t<style>\/*! elementor - v3.11.2 - 22-02-2023 *\/\n.elementor-column .elementor-spacer-inner{height:var(--spacer-size)}.e-con{--container-widget-width:100%}.e-con-inner>.elementor-widget-spacer,.e-con>.elementor-widget-spacer{width:var(--container-widget-width,var(--spacer-size));--align-self:var(--container-widget-align-self,initial);--flex-shrink:0}.e-con-inner>.elementor-widget-spacer>.elementor-widget-container,.e-con-inner>.elementor-widget-spacer>.elementor-widget-container>.elementor-spacer,.e-con>.elementor-widget-spacer>.elementor-widget-container,.e-con>.elementor-widget-spacer>.elementor-widget-container>.elementor-spacer{height:100%}.e-con-inner>.elementor-widget-spacer>.elementor-widget-container>.elementor-spacer>.elementor-spacer-inner,.e-con>.elementor-widget-spacer>.elementor-widget-container>.elementor-spacer>.elementor-spacer-inner{height:var(--container-widget-height,var(--spacer-size))}<\/style>\t\t<div class=\"elementor-spacer\">\n\t\t\t<div class=\"elementor-spacer-inner\"><\/div>\n\t\t<\/div>\n\t\t\t\t<\/div>\n\t\t\t\t<\/div>\n\t\t\t\t<div class=\"elementor-element elementor-element-3d86fe8 elementor-widget elementor-widget-react-heading\" data-id=\"3d86fe8\" data-element_type=\"widget\" data-widget_type=\"react-heading.default\">\n\t\t\t\t<div class=\"elementor-widget-container\">\n\t\t\t\t  \n        <div class=\"react-heading default center title-border-no\">\n        \t<div class=\"title-inner no\">        \t\t      \t\t\n\t            <h1 class=\"title\">ARTICLES<\/h1>\t        <\/div>\n\t\t\t<span class=\"watermark\">BLOG<\/span>\t        \n\t            \n        <\/div>\n        \t\t<\/div>\n\t\t\t\t<\/div>\n\t\t\t\t\t<\/div>\n\t\t<\/div>\n\t\t\t\t\t\t\t<\/div>\n\t\t<\/section>\n\t\t\t\t<section class=\"elementor-section elementor-top-section elementor-element elementor-element-a4cfb75 elementor-section-boxed elementor-section-height-default elementor-section-height-default\" data-id=\"a4cfb75\" data-element_type=\"section\">\n\t\t\t\t\t\t<div class=\"elementor-container elementor-column-gap-default\">\n\t\t\t\t\t<div class=\"elementor-column elementor-col-100 elementor-top-column elementor-element elementor-element-d3bc92d\" data-id=\"d3bc92d\" data-element_type=\"column\">\n\t\t\t<div class=\"elementor-widget-wrap elementor-element-populated\">\n\t\t\t\t\t\t\t\t<div class=\"elementor-element elementor-element-43c2926 elementor-widget elementor-widget-react-blog\" data-id=\"43c2926\" data-element_type=\"widget\" data-widget_type=\"react-blog.default\">\n\t\t\t\t<div class=\"elementor-widget-container\">\n\t\t\t\n\t\t<div class=\"reactheme-blog-grid2x reactheme-blog-grid blog--style4 blog--style1\">            \n\n            <div class=\"row blog-gird-item\">\n                \n\t\t\t \t                 \n                         \n                <\/div>   \n                               \n            \t    \n                              \n\t\t<\/div>\n\t   \t\t<\/div>\n\t\t\t\t<\/div>\n\t\t\t\t\t<\/div>\n\t\t<\/div>\n\t\t\t\t\t\t\t<\/div>\n\t\t<\/section>\n\t\t\t\t\t\t\t<\/div>\n\t\t","protected":false},"excerpt":{"rendered":"<p>ARTICLES BLOG 27 \u0158\u00edj admin Rodinn\u00e9 pr\u00e1vo \u00daSTAVN\u00cd SOUD ROZHODL: STYK RODI\u010cE S D\u00cdT\u011aTEM JE NEJEN PR\u00c1VEM, ALE I POVINNOST\u00cd 07 \u0158\u00edj admin Rodinn\u00e9 pr\u00e1vo NOVINKY VE SV\u011aT\u011a V\u00dd\u017dIVN\u00c9HO: CO BY M\u011aLI RODI\u010cE V\u011aD\u011aT 30 Z\u00e1\u0159 admin Rodinn\u00e9 pr\u00e1vo PARTICIPA\u010cN\u00cd PR\u00c1VA D\u011aT\u00cd: PRO\u010c JSOU D\u016eLE\u017dIT\u00c1 A JAK FUNGUJ\u00cd V PRAXI 28 Z\u00e1\u0159 admin Rodinn\u00e9 pr\u00e1vo&#8230;<\/p>\n","protected":false},"author":1,"featured_media":0,"parent":0,"menu_order":0,"comment_status":"closed","ping_status":"closed","template":"","meta":{"inline_featured_image":false},"yoast_head":"<!-- This site is optimized with the Yoast SEO plugin v20.3 - https:\/\/yoast.com\/wordpress\/plugins\/seo\/ -->\n<title>ARTICLES - Advok\u00e1tn\u00ed Kancel\u00e1\u0159 Petr\u00e1\u0161 Rezek<\/title>\n<meta name=\"robots\" content=\"index, follow, max-snippet:-1, max-image-preview:large, max-video-preview:-1\" \/>\n<link rel=\"canonical\" href=\"https:\/\/www.petrasrezek.cz\/en\/articles\/\" \/>\n<meta property=\"og:locale\" content=\"en_US\" \/>\n<meta property=\"og:type\" content=\"article\" \/>\n<meta property=\"og:title\" content=\"ARTICLES - Advok\u00e1tn\u00ed Kancel\u00e1\u0159 Petr\u00e1\u0161 Rezek\" \/>\n<meta property=\"og:description\" content=\"ARTICLES BLOG 27 \u0158\u00edj admin Rodinn\u00e9 pr\u00e1vo \u00daSTAVN\u00cd SOUD ROZHODL: STYK RODI\u010cE S D\u00cdT\u011aTEM JE NEJEN PR\u00c1VEM, ALE I POVINNOST\u00cd 07 \u0158\u00edj admin Rodinn\u00e9 pr\u00e1vo NOVINKY VE SV\u011aT\u011a V\u00dd\u017dIVN\u00c9HO: CO BY M\u011aLI RODI\u010cE V\u011aD\u011aT 30 Z\u00e1\u0159 admin Rodinn\u00e9 pr\u00e1vo PARTICIPA\u010cN\u00cd PR\u00c1VA D\u011aT\u00cd: PRO\u010c JSOU D\u016eLE\u017dIT\u00c1 A JAK FUNGUJ\u00cd V PRAXI 28 Z\u00e1\u0159 admin Rodinn\u00e9 pr\u00e1vo...\" \/>\n<meta property=\"og:url\" content=\"https:\/\/www.petrasrezek.cz\/en\/articles\/\" \/>\n<meta property=\"og:site_name\" content=\"Advok\u00e1tn\u00ed Kancel\u00e1\u0159 Petr\u00e1\u0161 Rezek\" \/>\n<meta property=\"article:modified_time\" content=\"2025-11-12T09:03:23+00:00\" \/>\n<meta property=\"og:image\" content=\"https:\/\/www.petrasrezek.cz\/wp-content\/uploads\/2025\/10\/fotky-blog-1024x683.jpg\" \/>\n<meta name=\"twitter:card\" content=\"summary_large_image\" \/>\n<meta name=\"twitter:label1\" content=\"Est. reading time\" \/>\n\t<meta name=\"twitter:data1\" content=\"1 minute\" \/>\n<script type=\"application\/ld+json\" class=\"yoast-schema-graph\">{\"@context\":\"https:\/\/schema.org\",\"@graph\":[{\"@type\":\"WebPage\",\"@id\":\"https:\/\/www.petrasrezek.cz\/en\/articles\/\",\"url\":\"https:\/\/www.petrasrezek.cz\/en\/articles\/\",\"name\":\"ARTICLES - Advok\u00e1tn\u00ed Kancel\u00e1\u0159 Petr\u00e1\u0161 Rezek\",\"isPartOf\":{\"@id\":\"https:\/\/www.petrasrezek.cz\/en\/#website\"},\"datePublished\":\"2022-10-23T07:37:05+00:00\",\"dateModified\":\"2025-11-12T09:03:23+00:00\",\"breadcrumb\":{\"@id\":\"https:\/\/www.petrasrezek.cz\/en\/articles\/#breadcrumb\"},\"inLanguage\":\"en-US\",\"potentialAction\":[{\"@type\":\"ReadAction\",\"target\":[\"https:\/\/www.petrasrezek.cz\/en\/articles\/\"]}]},{\"@type\":\"BreadcrumbList\",\"@id\":\"https:\/\/www.petrasrezek.cz\/en\/articles\/#breadcrumb\",\"itemListElement\":[{\"@type\":\"ListItem\",\"position\":1,\"name\":\"Dom\u016f\",\"item\":\"https:\/\/www.petrasrezek.cz\/en\/petras-rezek-law-firm\/\"},{\"@type\":\"ListItem\",\"position\":2,\"name\":\"ARTICLES\"}]},{\"@type\":\"WebSite\",\"@id\":\"https:\/\/www.petrasrezek.cz\/en\/#website\",\"url\":\"https:\/\/www.petrasrezek.cz\/en\/\",\"name\":\"Advok\u00e1tn\u00ed Kancel\u00e1\u0159 Petr\u00e1\u0161 Rezek\",\"description\":\"Jsme t\u00fdm pr\u00e1vn\u00edch specialist\u016f, p\u0159ipraven\u00fdch V\u00e1m pomoci v ka\u017ed\u00e9 situaci, a\u0165 u\u017e se to t\u00fdk\u00e1 podnik\u00e1n\u00ed a nebo osobn\u00edho \u017eivota.\",\"potentialAction\":[{\"@type\":\"SearchAction\",\"target\":{\"@type\":\"EntryPoint\",\"urlTemplate\":\"https:\/\/www.petrasrezek.cz\/en\/?s={search_term_string}\"},\"query-input\":\"required name=search_term_string\"}],\"inLanguage\":\"en-US\"}]}<\/script>\n<!-- \/ Yoast SEO plugin. -->","yoast_head_json":{"title":"ARTICLES - Advok\u00e1tn\u00ed Kancel\u00e1\u0159 Petr\u00e1\u0161 Rezek","robots":{"index":"index","follow":"follow","max-snippet":"max-snippet:-1","max-image-preview":"max-image-preview:large","max-video-preview":"max-video-preview:-1"},"canonical":"https:\/\/www.petrasrezek.cz\/en\/articles\/","og_locale":"en_US","og_type":"article","og_title":"ARTICLES - Advok\u00e1tn\u00ed Kancel\u00e1\u0159 Petr\u00e1\u0161 Rezek","og_description":"ARTICLES BLOG 27 \u0158\u00edj admin Rodinn\u00e9 pr\u00e1vo \u00daSTAVN\u00cd SOUD ROZHODL: STYK RODI\u010cE S D\u00cdT\u011aTEM JE NEJEN PR\u00c1VEM, ALE I POVINNOST\u00cd 07 \u0158\u00edj admin Rodinn\u00e9 pr\u00e1vo NOVINKY VE SV\u011aT\u011a V\u00dd\u017dIVN\u00c9HO: CO BY M\u011aLI RODI\u010cE V\u011aD\u011aT 30 Z\u00e1\u0159 admin Rodinn\u00e9 pr\u00e1vo PARTICIPA\u010cN\u00cd PR\u00c1VA D\u011aT\u00cd: PRO\u010c JSOU D\u016eLE\u017dIT\u00c1 A JAK FUNGUJ\u00cd V PRAXI 28 Z\u00e1\u0159 admin Rodinn\u00e9 pr\u00e1vo...","og_url":"https:\/\/www.petrasrezek.cz\/en\/articles\/","og_site_name":"Advok\u00e1tn\u00ed Kancel\u00e1\u0159 Petr\u00e1\u0161 Rezek","article_modified_time":"2025-11-12T09:03:23+00:00","og_image":[{"url":"https:\/\/www.petrasrezek.cz\/wp-content\/uploads\/2025\/10\/fotky-blog-1024x683.jpg"}],"twitter_card":"summary_large_image","twitter_misc":{"Est. reading time":"1 minute"},"schema":{"@context":"https:\/\/schema.org","@graph":[{"@type":"WebPage","@id":"https:\/\/www.petrasrezek.cz\/en\/articles\/","url":"https:\/\/www.petrasrezek.cz\/en\/articles\/","name":"ARTICLES - Advok\u00e1tn\u00ed Kancel\u00e1\u0159 Petr\u00e1\u0161 Rezek","isPartOf":{"@id":"https:\/\/www.petrasrezek.cz\/en\/#website"},"datePublished":"2022-10-23T07:37:05+00:00","dateModified":"2025-11-12T09:03:23+00:00","breadcrumb":{"@id":"https:\/\/www.petrasrezek.cz\/en\/articles\/#breadcrumb"},"inLanguage":"en-US","potentialAction":[{"@type":"ReadAction","target":["https:\/\/www.petrasrezek.cz\/en\/articles\/"]}]},{"@type":"BreadcrumbList","@id":"https:\/\/www.petrasrezek.cz\/en\/articles\/#breadcrumb","itemListElement":[{"@type":"ListItem","position":1,"name":"Dom\u016f","item":"https:\/\/www.petrasrezek.cz\/en\/petras-rezek-law-firm\/"},{"@type":"ListItem","position":2,"name":"ARTICLES"}]},{"@type":"WebSite","@id":"https:\/\/www.petrasrezek.cz\/en\/#website","url":"https:\/\/www.petrasrezek.cz\/en\/","name":"Advok\u00e1tn\u00ed Kancel\u00e1\u0159 Petr\u00e1\u0161 Rezek","description":"Jsme t\u00fdm pr\u00e1vn\u00edch specialist\u016f, p\u0159ipraven\u00fdch V\u00e1m pomoci v ka\u017ed\u00e9 situaci, a\u0165 u\u017e se to t\u00fdk\u00e1 podnik\u00e1n\u00ed a nebo osobn\u00edho \u017eivota.","potentialAction":[{"@type":"SearchAction","target":{"@type":"EntryPoint","urlTemplate":"https:\/\/www.petrasrezek.cz\/en\/?s={search_term_string}"},"query-input":"required name=search_term_string"}],"inLanguage":"en-US"}]}},"_links":{"self":[{"href":"https:\/\/www.petrasrezek.cz\/en\/wp-json\/wp\/v2\/pages\/16911"}],"collection":[{"href":"https:\/\/www.petrasrezek.cz\/en\/wp-json\/wp\/v2\/pages"}],"about":[{"href":"https:\/\/www.petrasrezek.cz\/en\/wp-json\/wp\/v2\/types\/page"}],"author":[{"embeddable":true,"href":"https:\/\/www.petrasrezek.cz\/en\/wp-json\/wp\/v2\/users\/1"}],"replies":[{"embeddable":true,"href":"https:\/\/www.petrasrezek.cz\/en\/wp-json\/wp\/v2\/comments?post=16911"}],"version-history":[{"count":3,"href":"https:\/\/www.petrasrezek.cz\/en\/wp-json\/wp\/v2\/pages\/16911\/revisions"}],"predecessor-version":[{"id":17199,"href":"https:\/\/www.petrasrezek.cz\/en\/wp-json\/wp\/v2\/pages\/16911\/revisions\/17199"}],"wp:attachment":[{"href":"https:\/\/www.petrasrezek.cz\/en\/wp-json\/wp\/v2\/media?parent=16911"}],"curies":[{"name":"wp","href":"https:\/\/api.w.org\/{rel}","templated":true}]}}