{"id":16755,"date":"2023-04-16T22:24:34","date_gmt":"2023-04-16T20:24:34","guid":{"rendered":"https:\/\/www.petrasrezek.cz\/karriere\/"},"modified":"2025-10-26T18:36:21","modified_gmt":"2025-10-26T17:36:21","slug":"karriere","status":"publish","type":"page","link":"https:\/\/www.petrasrezek.cz\/de\/karriere\/","title":{"rendered":"KARRIERE"},"content":{"rendered":"\t\t<div data-elementor-type=\"wp-page\" data-elementor-id=\"16755\" class=\"elementor elementor-16755 elementor-11140\">\n\t\t\t\t\t\t\t\t\t<section class=\"elementor-section elementor-top-section elementor-element elementor-element-c0025fe elementor-section-boxed elementor-section-height-default elementor-section-height-default\" data-id=\"c0025fe\" data-element_type=\"section\">\n\t\t\t\t\t\t<div class=\"elementor-container elementor-column-gap-default\">\n\t\t\t\t\t<div class=\"elementor-column elementor-col-100 elementor-top-column elementor-element elementor-element-2d723fb\" data-id=\"2d723fb\" data-element_type=\"column\">\n\t\t\t<div class=\"elementor-widget-wrap elementor-element-populated\">\n\t\t\t\t\t\t\t\t<div class=\"elementor-element elementor-element-6610571 elementor-widget elementor-widget-spacer\" data-id=\"6610571\" data-element_type=\"widget\" data-widget_type=\"spacer.default\">\n\t\t\t\t<div class=\"elementor-widget-container\">\n\t\t\t<style>\/*! elementor - v3.11.2 - 22-02-2023 *\/\n.elementor-column .elementor-spacer-inner{height:var(--spacer-size)}.e-con{--container-widget-width:100%}.e-con-inner>.elementor-widget-spacer,.e-con>.elementor-widget-spacer{width:var(--container-widget-width,var(--spacer-size));--align-self:var(--container-widget-align-self,initial);--flex-shrink:0}.e-con-inner>.elementor-widget-spacer>.elementor-widget-container,.e-con-inner>.elementor-widget-spacer>.elementor-widget-container>.elementor-spacer,.e-con>.elementor-widget-spacer>.elementor-widget-container,.e-con>.elementor-widget-spacer>.elementor-widget-container>.elementor-spacer{height:100%}.e-con-inner>.elementor-widget-spacer>.elementor-widget-container>.elementor-spacer>.elementor-spacer-inner,.e-con>.elementor-widget-spacer>.elementor-widget-container>.elementor-spacer>.elementor-spacer-inner{height:var(--container-widget-height,var(--spacer-size))}<\/style>\t\t<div class=\"elementor-spacer\">\n\t\t\t<div class=\"elementor-spacer-inner\"><\/div>\n\t\t<\/div>\n\t\t\t\t<\/div>\n\t\t\t\t<\/div>\n\t\t\t\t<div class=\"elementor-element elementor-element-f525d17 elementor-widget elementor-widget-spacer\" data-id=\"f525d17\" data-element_type=\"widget\" data-widget_type=\"spacer.default\">\n\t\t\t\t<div class=\"elementor-widget-container\">\n\t\t\t\t\t<div class=\"elementor-spacer\">\n\t\t\t<div class=\"elementor-spacer-inner\"><\/div>\n\t\t<\/div>\n\t\t\t\t<\/div>\n\t\t\t\t<\/div>\n\t\t\t\t<div class=\"elementor-element elementor-element-1b091b1 elementor-widget elementor-widget-react-heading\" data-id=\"1b091b1\" data-element_type=\"widget\" data-widget_type=\"react-heading.default\">\n\t\t\t\t<div class=\"elementor-widget-container\">\n\t\t\t\t  \n        <div class=\"react-heading default center title-border-no\">\n        \t<div class=\"title-inner no\">        \t\t      \t\t\n\t            <h1 class=\"title\">KOMM IN UNSER TEAM<\/h1>\t        <\/div>\n\t\t\t<span class=\"watermark\">BUSINESS<\/span>\t        \n\t            \n        <\/div>\n        \t\t<\/div>\n\t\t\t\t<\/div>\n\t\t\t\t<div class=\"elementor-element elementor-element-207821b elementor-widget elementor-widget-text-editor\" data-id=\"207821b\" data-element_type=\"widget\" data-widget_type=\"text-editor.default\">\n\t\t\t\t<div class=\"elementor-widget-container\">\n\t\t\t<style>\/*! elementor - v3.11.2 - 22-02-2023 *\/\n.elementor-widget-text-editor.elementor-drop-cap-view-stacked .elementor-drop-cap{background-color:#818a91;color:#fff}.elementor-widget-text-editor.elementor-drop-cap-view-framed .elementor-drop-cap{color:#818a91;border:3px solid;background-color:transparent}.elementor-widget-text-editor:not(.elementor-drop-cap-view-default) .elementor-drop-cap{margin-top:8px}.elementor-widget-text-editor:not(.elementor-drop-cap-view-default) .elementor-drop-cap-letter{width:1em;height:1em}.elementor-widget-text-editor .elementor-drop-cap{float:left;text-align:center;line-height:1;font-size:50px}.elementor-widget-text-editor .elementor-drop-cap-letter{display:inline-block}<\/style>\t\t\t\t<p>Wenn unser <strong>B\u00fcro<\/strong> Ihr Interesse geweckt hat und Sie gerne <strong>Mitglied<\/strong> unseres Teams werden m\u00f6chten, z\u00f6gern Sie bitte nicht, uns Ihren <strong>Lebenslauf<\/strong> an <strong>ivona<\/strong><strong>@petrasrezek.cz<\/strong> zu senden. <\/p>\t\t\t\t\t\t<\/div>\n\t\t\t\t<\/div>\n\t\t\t\t\t<\/div>\n\t\t<\/div>\n\t\t\t\t\t\t\t<\/div>\n\t\t<\/section>\n\t\t\t\t<section class=\"elementor-section elementor-top-section elementor-element elementor-element-df08c7f elementor-section-boxed elementor-section-height-default elementor-section-height-default\" data-id=\"df08c7f\" data-element_type=\"section\">\n\t\t\t\t\t\t<div class=\"elementor-container elementor-column-gap-default\">\n\t\t\t\t\t<div class=\"elementor-column elementor-col-25 elementor-top-column elementor-element elementor-element-9ccd84f\" data-id=\"9ccd84f\" data-element_type=\"column\">\n\t\t\t<div class=\"elementor-widget-wrap elementor-element-populated\">\n\t\t\t\t\t\t\t\t<div class=\"elementor-element elementor-element-8a50c57 elementor-widget elementor-widget-image\" data-id=\"8a50c57\" data-element_type=\"widget\" data-widget_type=\"image.default\">\n\t\t\t\t<div class=\"elementor-widget-container\">\n\t\t\t<style>\/*! elementor - v3.11.2 - 22-02-2023 *\/\n.elementor-widget-image{text-align:center}.elementor-widget-image a{display:inline-block}.elementor-widget-image a img[src$=\".svg\"]{width:48px}.elementor-widget-image img{vertical-align:middle;display:inline-block}<\/style>\t\t\t\t\t\t\t\t\t\t\t\t<img decoding=\"async\" width=\"183\" height=\"152\" src=\"https:\/\/www.petrasrezek.cz\/wp-content\/uploads\/2023\/04\/nabor.png\" class=\"attachment-large size-large wp-image-11144\" alt=\"\" loading=\"lazy\" \/>\t\t\t\t\t\t\t\t\t\t\t\t\t\t\t<\/div>\n\t\t\t\t<\/div>\n\t\t\t\t<div class=\"elementor-element elementor-element-0add062 elementor-widget elementor-widget-heading\" data-id=\"0add062\" data-element_type=\"widget\" data-widget_type=\"heading.default\">\n\t\t\t\t<div class=\"elementor-widget-container\">\n\t\t\t<style>\/*! elementor - v3.11.2 - 22-02-2023 *\/\n.elementor-heading-title{padding:0;margin:0;line-height:1}.elementor-widget-heading .elementor-heading-title[class*=elementor-size-]>a{color:inherit;font-size:inherit;line-height:inherit}.elementor-widget-heading .elementor-heading-title.elementor-size-small{font-size:15px}.elementor-widget-heading .elementor-heading-title.elementor-size-medium{font-size:19px}.elementor-widget-heading .elementor-heading-title.elementor-size-large{font-size:29px}.elementor-widget-heading .elementor-heading-title.elementor-size-xl{font-size:39px}.elementor-widget-heading .elementor-heading-title.elementor-size-xxl{font-size:59px}<\/style><h6 class=\"elementor-heading-title elementor-size-default\">RECHTSANWALT<\/h6>\t\t<\/div>\n\t\t\t\t<\/div>\n\t\t\t\t<div class=\"elementor-element elementor-element-d958043 elementor-align-center elementor-icon-list--layout-traditional elementor-list-item-link-full_width elementor-widget elementor-widget-icon-list\" data-id=\"d958043\" data-element_type=\"widget\" data-widget_type=\"icon-list.default\">\n\t\t\t\t<div class=\"elementor-widget-container\">\n\t\t\t<link rel=\"stylesheet\" href=\"https:\/\/www.petrasrezek.cz\/wp-content\/plugins\/elementor\/assets\/css\/widget-icon-list.min.css\">\t\t<ul class=\"elementor-icon-list-items\">\n\t\t\t\t\t\t\t<li class=\"elementor-icon-list-item\">\n\t\t\t\t\t\t\t\t\t\t\t<span class=\"elementor-icon-list-icon\">\n\t\t\t\t\t\t\t<i aria-hidden=\"true\" class=\"fas fa-phone-alt\"><\/i>\t\t\t\t\t\t<\/span>\n\t\t\t\t\t\t\t\t\t\t<span class=\"elementor-icon-list-text\">+420 606 075 259<\/span>\n\t\t\t\t\t\t\t\t\t<\/li>\n\t\t\t\t\t\t\t\t<li class=\"elementor-icon-list-item\">\n\t\t\t\t\t\t\t\t\t\t\t<span class=\"elementor-icon-list-icon\">\n\t\t\t\t\t\t\t<i aria-hidden=\"true\" class=\"fas fa-mail-bulk\"><\/i>\t\t\t\t\t\t<\/span>\n\t\t\t\t\t\t\t\t\t\t<span class=\"elementor-icon-list-text\">ivona@petrasrezek.cz<\/span>\n\t\t\t\t\t\t\t\t\t<\/li>\n\t\t\t\t\t\t<\/ul>\n\t\t\t\t<\/div>\n\t\t\t\t<\/div>\n\t\t\t\t\t<\/div>\n\t\t<\/div>\n\t\t\t\t<div class=\"elementor-column elementor-col-25 elementor-top-column elementor-element elementor-element-8f2350e\" data-id=\"8f2350e\" data-element_type=\"column\">\n\t\t\t<div class=\"elementor-widget-wrap elementor-element-populated\">\n\t\t\t\t\t\t\t\t<div class=\"elementor-element elementor-element-fa9fd6a elementor-widget elementor-widget-image\" data-id=\"fa9fd6a\" data-element_type=\"widget\" data-widget_type=\"image.default\">\n\t\t\t\t<div class=\"elementor-widget-container\">\n\t\t\t\t\t\t\t\t\t\t\t\t\t\t\t<img decoding=\"async\" width=\"183\" height=\"152\" src=\"https:\/\/www.petrasrezek.cz\/wp-content\/uploads\/2023\/04\/nabor.png\" class=\"attachment-large size-large wp-image-11144\" alt=\"\" loading=\"lazy\" \/>\t\t\t\t\t\t\t\t\t\t\t\t\t\t\t<\/div>\n\t\t\t\t<\/div>\n\t\t\t\t<div class=\"elementor-element elementor-element-af5323b elementor-widget elementor-widget-heading\" data-id=\"af5323b\" data-element_type=\"widget\" data-widget_type=\"heading.default\">\n\t\t\t\t<div class=\"elementor-widget-container\">\n\t\t\t<h6 class=\"elementor-heading-title elementor-size-default\">RECHTSANWALTSANW\u00c4RTER<\/h6>\t\t<\/div>\n\t\t\t\t<\/div>\n\t\t\t\t<div class=\"elementor-element elementor-element-c8b33d3 elementor-align-center elementor-icon-list--layout-traditional elementor-list-item-link-full_width elementor-widget elementor-widget-icon-list\" data-id=\"c8b33d3\" data-element_type=\"widget\" data-widget_type=\"icon-list.default\">\n\t\t\t\t<div class=\"elementor-widget-container\">\n\t\t\t\t\t<ul class=\"elementor-icon-list-items\">\n\t\t\t\t\t\t\t<li class=\"elementor-icon-list-item\">\n\t\t\t\t\t\t\t\t\t\t\t<span class=\"elementor-icon-list-icon\">\n\t\t\t\t\t\t\t<i aria-hidden=\"true\" class=\"fas fa-phone-alt\"><\/i>\t\t\t\t\t\t<\/span>\n\t\t\t\t\t\t\t\t\t\t<span class=\"elementor-icon-list-text\">+420 606 075 259<\/span>\n\t\t\t\t\t\t\t\t\t<\/li>\n\t\t\t\t\t\t\t\t<li class=\"elementor-icon-list-item\">\n\t\t\t\t\t\t\t\t\t\t\t<span class=\"elementor-icon-list-icon\">\n\t\t\t\t\t\t\t<i aria-hidden=\"true\" class=\"fas fa-mail-bulk\"><\/i>\t\t\t\t\t\t<\/span>\n\t\t\t\t\t\t\t\t\t\t<span class=\"elementor-icon-list-text\">ivona@petrasrezek.cz<\/span>\n\t\t\t\t\t\t\t\t\t<\/li>\n\t\t\t\t\t\t<\/ul>\n\t\t\t\t<\/div>\n\t\t\t\t<\/div>\n\t\t\t\t\t<\/div>\n\t\t<\/div>\n\t\t\t\t<div class=\"elementor-column elementor-col-25 elementor-top-column elementor-element elementor-element-68c29dc\" data-id=\"68c29dc\" data-element_type=\"column\">\n\t\t\t<div class=\"elementor-widget-wrap elementor-element-populated\">\n\t\t\t\t\t\t\t\t<div class=\"elementor-element elementor-element-f79276f elementor-widget elementor-widget-image\" data-id=\"f79276f\" data-element_type=\"widget\" data-widget_type=\"image.default\">\n\t\t\t\t<div class=\"elementor-widget-container\">\n\t\t\t\t\t\t\t\t\t\t\t\t\t\t\t<img decoding=\"async\" width=\"183\" height=\"152\" src=\"https:\/\/www.petrasrezek.cz\/wp-content\/uploads\/2023\/04\/nabor.png\" class=\"attachment-large size-large wp-image-11144\" alt=\"\" loading=\"lazy\" \/>\t\t\t\t\t\t\t\t\t\t\t\t\t\t\t<\/div>\n\t\t\t\t<\/div>\n\t\t\t\t<div class=\"elementor-element elementor-element-455a79b elementor-widget elementor-widget-heading\" data-id=\"455a79b\" data-element_type=\"widget\" data-widget_type=\"heading.default\">\n\t\t\t\t<div class=\"elementor-widget-container\">\n\t\t\t<h6 class=\"elementor-heading-title elementor-size-default\">JURISTISCHER PRAKTIKANT<\/h6>\t\t<\/div>\n\t\t\t\t<\/div>\n\t\t\t\t<div class=\"elementor-element elementor-element-2065472 elementor-align-center elementor-icon-list--layout-traditional elementor-list-item-link-full_width elementor-widget elementor-widget-icon-list\" data-id=\"2065472\" data-element_type=\"widget\" data-widget_type=\"icon-list.default\">\n\t\t\t\t<div class=\"elementor-widget-container\">\n\t\t\t\t\t<ul class=\"elementor-icon-list-items\">\n\t\t\t\t\t\t\t<li class=\"elementor-icon-list-item\">\n\t\t\t\t\t\t\t\t\t\t\t<span class=\"elementor-icon-list-icon\">\n\t\t\t\t\t\t\t<i aria-hidden=\"true\" class=\"fas fa-phone-alt\"><\/i>\t\t\t\t\t\t<\/span>\n\t\t\t\t\t\t\t\t\t\t<span class=\"elementor-icon-list-text\">+420 606 075 259<\/span>\n\t\t\t\t\t\t\t\t\t<\/li>\n\t\t\t\t\t\t\t\t<li class=\"elementor-icon-list-item\">\n\t\t\t\t\t\t\t\t\t\t\t<span class=\"elementor-icon-list-icon\">\n\t\t\t\t\t\t\t<i aria-hidden=\"true\" class=\"fas fa-mail-bulk\"><\/i>\t\t\t\t\t\t<\/span>\n\t\t\t\t\t\t\t\t\t\t<span class=\"elementor-icon-list-text\">ivona@petrasrezek.cz<\/span>\n\t\t\t\t\t\t\t\t\t<\/li>\n\t\t\t\t\t\t<\/ul>\n\t\t\t\t<\/div>\n\t\t\t\t<\/div>\n\t\t\t\t\t<\/div>\n\t\t<\/div>\n\t\t\t\t<div class=\"elementor-column elementor-col-25 elementor-top-column elementor-element elementor-element-f4b9c04\" data-id=\"f4b9c04\" data-element_type=\"column\">\n\t\t\t<div class=\"elementor-widget-wrap elementor-element-populated\">\n\t\t\t\t\t\t\t\t<div class=\"elementor-element elementor-element-0178171 elementor-widget elementor-widget-image\" data-id=\"0178171\" data-element_type=\"widget\" data-widget_type=\"image.default\">\n\t\t\t\t<div class=\"elementor-widget-container\">\n\t\t\t\t\t\t\t\t\t\t\t\t\t\t\t<img decoding=\"async\" width=\"183\" height=\"152\" src=\"https:\/\/www.petrasrezek.cz\/wp-content\/uploads\/2023\/04\/nabor.png\" class=\"attachment-large size-large wp-image-11144\" alt=\"\" loading=\"lazy\" \/>\t\t\t\t\t\t\t\t\t\t\t\t\t\t\t<\/div>\n\t\t\t\t<\/div>\n\t\t\t\t<div class=\"elementor-element elementor-element-0772e3e elementor-widget elementor-widget-heading\" data-id=\"0772e3e\" data-element_type=\"widget\" data-widget_type=\"heading.default\">\n\t\t\t\t<div class=\"elementor-widget-container\">\n\t\t\t<h6 class=\"elementor-heading-title elementor-size-default\">BUCHHALTER<\/h6>\t\t<\/div>\n\t\t\t\t<\/div>\n\t\t\t\t<div class=\"elementor-element elementor-element-8b23231 elementor-align-center elementor-icon-list--layout-traditional elementor-list-item-link-full_width elementor-widget elementor-widget-icon-list\" data-id=\"8b23231\" data-element_type=\"widget\" data-widget_type=\"icon-list.default\">\n\t\t\t\t<div class=\"elementor-widget-container\">\n\t\t\t\t\t<ul class=\"elementor-icon-list-items\">\n\t\t\t\t\t\t\t<li class=\"elementor-icon-list-item\">\n\t\t\t\t\t\t\t\t\t\t\t<span class=\"elementor-icon-list-icon\">\n\t\t\t\t\t\t\t<i aria-hidden=\"true\" class=\"fas fa-phone-alt\"><\/i>\t\t\t\t\t\t<\/span>\n\t\t\t\t\t\t\t\t\t\t<span class=\"elementor-icon-list-text\">+420 774 588 199<\/span>\n\t\t\t\t\t\t\t\t\t<\/li>\n\t\t\t\t\t\t\t\t<li class=\"elementor-icon-list-item\">\n\t\t\t\t\t\t\t\t\t\t\t<span class=\"elementor-icon-list-icon\">\n\t\t\t\t\t\t\t<i aria-hidden=\"true\" class=\"fas fa-mail-bulk\"><\/i>\t\t\t\t\t\t<\/span>\n\t\t\t\t\t\t\t\t\t\t<span class=\"elementor-icon-list-text\">lenka.u@petrasrezek.cz<\/span>\n\t\t\t\t\t\t\t\t\t<\/li>\n\t\t\t\t\t\t<\/ul>\n\t\t\t\t<\/div>\n\t\t\t\t<\/div>\n\t\t\t\t\t<\/div>\n\t\t<\/div>\n\t\t\t\t\t\t\t<\/div>\n\t\t<\/section>\n\t\t\t\t\t\t\t<\/div>\n\t\t","protected":false},"excerpt":{"rendered":"<p>P\u0158IPOJ SE DO NA\u0160EHO T\u00ddMU BUSINESS Wenn unser B\u00fcro Ihr Interesse geweckt hat und Sie gerne Mitglied unseres Teams werden m\u00f6chten, z\u00f6gern Sie bitte nicht, uns Ihren Lebenslauf an ivona@petrasrezek.cz zu senden. RECHTSANWALT +420 606 075 259 ivona@petrasrezek.cz RECHTSANWALTSANW\u00c4RTER +420 606 075 259 ivona@petrasrezek.cz JURISTISCHER PRAKTIKANT +420 606 075 259 ivona@petrasrezek.cz BUCHHALTER +420 774 588&#8230;<\/p>\n","protected":false},"author":1,"featured_media":0,"parent":0,"menu_order":0,"comment_status":"closed","ping_status":"closed","template":"","meta":{"inline_featured_image":false},"yoast_head":"<!-- This site is optimized with the Yoast SEO plugin v20.3 - https:\/\/yoast.com\/wordpress\/plugins\/seo\/ -->\n<title>KARRIERE - Advok\u00e1tn\u00ed Kancel\u00e1\u0159 Petr\u00e1\u0161 Rezek<\/title>\n<meta name=\"robots\" content=\"index, follow, max-snippet:-1, max-image-preview:large, max-video-preview:-1\" \/>\n<link rel=\"canonical\" href=\"https:\/\/www.petrasrezek.cz\/de\/karriere\/\" \/>\n<meta property=\"og:locale\" content=\"de_DE\" \/>\n<meta property=\"og:type\" content=\"article\" \/>\n<meta property=\"og:title\" content=\"KARRIERE - Advok\u00e1tn\u00ed Kancel\u00e1\u0159 Petr\u00e1\u0161 Rezek\" \/>\n<meta property=\"og:description\" content=\"P\u0158IPOJ SE DO NA\u0160EHO T\u00ddMU BUSINESS Wenn unser B\u00fcro Ihr Interesse geweckt hat und Sie gerne Mitglied unseres Teams werden m\u00f6chten, z\u00f6gern Sie bitte nicht, uns Ihren Lebenslauf an ivona@petrasrezek.cz zu senden. RECHTSANWALT +420 606 075 259 ivona@petrasrezek.cz RECHTSANWALTSANW\u00c4RTER +420 606 075 259 ivona@petrasrezek.cz JURISTISCHER PRAKTIKANT +420 606 075 259 ivona@petrasrezek.cz BUCHHALTER +420 774 588...\" \/>\n<meta property=\"og:url\" content=\"https:\/\/www.petrasrezek.cz\/de\/karriere\/\" \/>\n<meta property=\"og:site_name\" content=\"Advok\u00e1tn\u00ed Kancel\u00e1\u0159 Petr\u00e1\u0161 Rezek\" \/>\n<meta property=\"article:modified_time\" content=\"2025-10-26T17:36:21+00:00\" \/>\n<meta property=\"og:image\" content=\"https:\/\/www.petrasrezek.cz\/wp-content\/uploads\/2023\/04\/nabor.png\" \/>\n<meta name=\"twitter:card\" content=\"summary_large_image\" \/>\n<script type=\"application\/ld+json\" class=\"yoast-schema-graph\">{\"@context\":\"https:\/\/schema.org\",\"@graph\":[{\"@type\":\"WebPage\",\"@id\":\"https:\/\/www.petrasrezek.cz\/de\/karriere\/\",\"url\":\"https:\/\/www.petrasrezek.cz\/de\/karriere\/\",\"name\":\"KARRIERE - Advok\u00e1tn\u00ed Kancel\u00e1\u0159 Petr\u00e1\u0161 Rezek\",\"isPartOf\":{\"@id\":\"https:\/\/www.petrasrezek.cz\/de\/#website\"},\"datePublished\":\"2023-04-16T20:24:34+00:00\",\"dateModified\":\"2025-10-26T17:36:21+00:00\",\"breadcrumb\":{\"@id\":\"https:\/\/www.petrasrezek.cz\/de\/karriere\/#breadcrumb\"},\"inLanguage\":\"de\",\"potentialAction\":[{\"@type\":\"ReadAction\",\"target\":[\"https:\/\/www.petrasrezek.cz\/de\/karriere\/\"]}]},{\"@type\":\"BreadcrumbList\",\"@id\":\"https:\/\/www.petrasrezek.cz\/de\/karriere\/#breadcrumb\",\"itemListElement\":[{\"@type\":\"ListItem\",\"position\":1,\"name\":\"Dom\u016f\",\"item\":\"https:\/\/www.petrasrezek.cz\/de\/rechtsanwaltskanzlei-petras-rezek\/\"},{\"@type\":\"ListItem\",\"position\":2,\"name\":\"KARRIERE\"}]},{\"@type\":\"WebSite\",\"@id\":\"https:\/\/www.petrasrezek.cz\/de\/#website\",\"url\":\"https:\/\/www.petrasrezek.cz\/de\/\",\"name\":\"Advok\u00e1tn\u00ed Kancel\u00e1\u0159 Petr\u00e1\u0161 Rezek\",\"description\":\"Jsme t\u00fdm pr\u00e1vn\u00edch specialist\u016f, p\u0159ipraven\u00fdch V\u00e1m pomoci v ka\u017ed\u00e9 situaci, a\u0165 u\u017e se to t\u00fdk\u00e1 podnik\u00e1n\u00ed a nebo osobn\u00edho \u017eivota.\",\"potentialAction\":[{\"@type\":\"SearchAction\",\"target\":{\"@type\":\"EntryPoint\",\"urlTemplate\":\"https:\/\/www.petrasrezek.cz\/de\/?s={search_term_string}\"},\"query-input\":\"required name=search_term_string\"}],\"inLanguage\":\"de\"}]}<\/script>\n<!-- \/ Yoast SEO plugin. -->","yoast_head_json":{"title":"KARRIERE - Advok\u00e1tn\u00ed Kancel\u00e1\u0159 Petr\u00e1\u0161 Rezek","robots":{"index":"index","follow":"follow","max-snippet":"max-snippet:-1","max-image-preview":"max-image-preview:large","max-video-preview":"max-video-preview:-1"},"canonical":"https:\/\/www.petrasrezek.cz\/de\/karriere\/","og_locale":"de_DE","og_type":"article","og_title":"KARRIERE - Advok\u00e1tn\u00ed Kancel\u00e1\u0159 Petr\u00e1\u0161 Rezek","og_description":"P\u0158IPOJ SE DO NA\u0160EHO T\u00ddMU BUSINESS Wenn unser B\u00fcro Ihr Interesse geweckt hat und Sie gerne Mitglied unseres Teams werden m\u00f6chten, z\u00f6gern Sie bitte nicht, uns Ihren Lebenslauf an ivona@petrasrezek.cz zu senden. RECHTSANWALT +420 606 075 259 ivona@petrasrezek.cz RECHTSANWALTSANW\u00c4RTER +420 606 075 259 ivona@petrasrezek.cz JURISTISCHER PRAKTIKANT +420 606 075 259 ivona@petrasrezek.cz BUCHHALTER +420 774 588...","og_url":"https:\/\/www.petrasrezek.cz\/de\/karriere\/","og_site_name":"Advok\u00e1tn\u00ed Kancel\u00e1\u0159 Petr\u00e1\u0161 Rezek","article_modified_time":"2025-10-26T17:36:21+00:00","og_image":[{"url":"https:\/\/www.petrasrezek.cz\/wp-content\/uploads\/2023\/04\/nabor.png"}],"twitter_card":"summary_large_image","schema":{"@context":"https:\/\/schema.org","@graph":[{"@type":"WebPage","@id":"https:\/\/www.petrasrezek.cz\/de\/karriere\/","url":"https:\/\/www.petrasrezek.cz\/de\/karriere\/","name":"KARRIERE - Advok\u00e1tn\u00ed Kancel\u00e1\u0159 Petr\u00e1\u0161 Rezek","isPartOf":{"@id":"https:\/\/www.petrasrezek.cz\/de\/#website"},"datePublished":"2023-04-16T20:24:34+00:00","dateModified":"2025-10-26T17:36:21+00:00","breadcrumb":{"@id":"https:\/\/www.petrasrezek.cz\/de\/karriere\/#breadcrumb"},"inLanguage":"de","potentialAction":[{"@type":"ReadAction","target":["https:\/\/www.petrasrezek.cz\/de\/karriere\/"]}]},{"@type":"BreadcrumbList","@id":"https:\/\/www.petrasrezek.cz\/de\/karriere\/#breadcrumb","itemListElement":[{"@type":"ListItem","position":1,"name":"Dom\u016f","item":"https:\/\/www.petrasrezek.cz\/de\/rechtsanwaltskanzlei-petras-rezek\/"},{"@type":"ListItem","position":2,"name":"KARRIERE"}]},{"@type":"WebSite","@id":"https:\/\/www.petrasrezek.cz\/de\/#website","url":"https:\/\/www.petrasrezek.cz\/de\/","name":"Advok\u00e1tn\u00ed Kancel\u00e1\u0159 Petr\u00e1\u0161 Rezek","description":"Jsme t\u00fdm pr\u00e1vn\u00edch specialist\u016f, p\u0159ipraven\u00fdch V\u00e1m pomoci v ka\u017ed\u00e9 situaci, a\u0165 u\u017e se to t\u00fdk\u00e1 podnik\u00e1n\u00ed a nebo osobn\u00edho \u017eivota.","potentialAction":[{"@type":"SearchAction","target":{"@type":"EntryPoint","urlTemplate":"https:\/\/www.petrasrezek.cz\/de\/?s={search_term_string}"},"query-input":"required name=search_term_string"}],"inLanguage":"de"}]}},"_links":{"self":[{"href":"https:\/\/www.petrasrezek.cz\/de\/wp-json\/wp\/v2\/pages\/16755"}],"collection":[{"href":"https:\/\/www.petrasrezek.cz\/de\/wp-json\/wp\/v2\/pages"}],"about":[{"href":"https:\/\/www.petrasrezek.cz\/de\/wp-json\/wp\/v2\/types\/page"}],"author":[{"embeddable":true,"href":"https:\/\/www.petrasrezek.cz\/de\/wp-json\/wp\/v2\/users\/1"}],"replies":[{"embeddable":true,"href":"https:\/\/www.petrasrezek.cz\/de\/wp-json\/wp\/v2\/comments?post=16755"}],"version-history":[{"count":1,"href":"https:\/\/www.petrasrezek.cz\/de\/wp-json\/wp\/v2\/pages\/16755\/revisions"}],"predecessor-version":[{"id":16758,"href":"https:\/\/www.petrasrezek.cz\/de\/wp-json\/wp\/v2\/pages\/16755\/revisions\/16758"}],"wp:attachment":[{"href":"https:\/\/www.petrasrezek.cz\/de\/wp-json\/wp\/v2\/media?parent=16755"}],"curies":[{"name":"wp","href":"https:\/\/api.w.org\/{rel}","templated":true}]}}